{"id":5581,"date":"2024-04-03T08:44:57","date_gmt":"2024-04-03T05:44:57","guid":{"rendered":"https:\/\/jstdental.com\/hakkimizda\/"},"modified":"2026-04-17T15:40:18","modified_gmt":"2026-04-17T12:40:18","slug":"hakkimizda","status":"publish","type":"page","link":"https:\/\/jstdental.com\/tr\/hakkimizda\/","title":{"rendered":"Hakk\u0131m\u0131zda"},"content":{"rendered":"\t\t<div data-elementor-type=\"wp-page\" data-elementor-id=\"5581\" class=\"elementor elementor-5581 elementor-2305\" data-elementor-post-type=\"page\">\n\t\t\t\t<div class=\"elementor-element elementor-element-5a948bf e-con-full e-flex e-con e-parent\" data-id=\"5a948bf\" data-element_type=\"container\">\n\t\t\t\t<div class=\"elementor-element elementor-element-acbff2d elementor-widget elementor-widget-mavis_about_one\" data-id=\"acbff2d\" data-element_type=\"widget\" data-widget_type=\"mavis_about_one.default\">\n\t\t\t\t<div class=\"elementor-widget-container\">\n\t\t\t\t\t        <!-- Start About Area -->\r\n        \r\n        <div class=\"about-area ptb-120\" id=\"about-area\">\r\n            <div class=\"container\">\r\n                <div class=\"row justify-content-center align-items-center\">\r\n                    <div class=\"col-xl-6 col-md-12\">\r\n                        <div class=\"about-image\">\r\n                                                            <img decoding=\"async\" src=\"https:\/\/jstdental.com\/wp-content\/uploads\/2025\/06\/laradent-ekip-gorsel-e1764327340570.webp\" alt=\"\">\r\n                                                        <div class=\"video-wrap\">\r\n                                                                    <div class=\"video\">\r\n                                        <img decoding=\"async\" src=\"https:\/\/jstdental.com\/wp-content\/uploads\/2025\/06\/team.jpg\" alt=\"\">\r\n                                        <a class=\"popup-youtube video-btn text-decoration-none\" href=\"https:\/\/www.youtube.com\/watch?v=ttC-gz0g5z8\" target=\"_blank\" rel=\"noopener\">\r\n                                            <i class=\"flaticon-play-button\"><\/i>\r\n                                        <\/a>\r\n                                    <\/div>\r\n                                                                                                    <div class=\"line\">\r\n                                        <img decoding=\"async\" src=\"https:\/\/jstdental.com\/wp-content\/uploads\/2024\/04\/line.png\" alt=\"\">\r\n                                    <\/div>\r\n                                                            <\/div>\r\n                                                            <div class=\"shape1\" data-speed=\"0.05\" data-revert=\"true\">\r\n                                    <img decoding=\"async\" src=\"https:\/\/jstdental.com\/wp-content\/uploads\/2024\/04\/about-shape1.png\" alt=\"\">\r\n                                <\/div>\r\n                                                                                        <div class=\"shape2\" data-speed=\"0.05\" data-revert=\"true\">\r\n                                    <img decoding=\"async\" src=\"https:\/\/jstdental.com\/wp-content\/uploads\/2024\/04\/about-shape3.png\" alt=\"\">\r\n                                <\/div>\r\n                                                                                        <div class=\"shape3\" data-speed=\"0.05\" data-revert=\"true\">\r\n                                    <img decoding=\"async\" src=\"https:\/\/jstdental.com\/wp-content\/uploads\/2024\/04\/about-shape2.png\" alt=\"\">\r\n                                <\/div>\r\n                                                        \r\n                                                            <div class=\"counter-wrap\">\r\n                                                                            <div class=\"icon\">\r\n                                            <i class=\"flaticon-award-symbol\"><\/i>\r\n                                        <\/div>\r\n                                    \r\n                                    <div class=\"title\">\r\n                                        <div class=\"d-flex align-items-center\">\r\n                                            <h3 class=\"counter\">35<\/h3>\r\n                                            <h3 class=\"plus\">+<\/h3>\r\n                                        <\/div>\r\n                                        <p>K\u00fcresel Sa\u011fl\u0131k \u00d6d\u00fclleri<\/p>\r\n                                    <\/div>\r\n                                <\/div> \r\n                                                    <\/div>\r\n                    <\/div>\r\n                    <div class=\"col-xl-6 col-md-12\">\r\n                        <div class=\"about-content\">\r\n\r\n                                                            <span class=\"sub\">Hakk\u0131m\u0131zda<\/span>\r\n                            \r\n                                                            <h2 class=\"mavis-el-title\">Bir Klinikten Daha Fazlas\u0131\u2014G\u00fcvenilir Bir Di\u015f Orta\u011f\u0131<\/h2>\r\n                                                                                                    \r\n                            <p><p>Just Smile, hem yerel hem de uluslararas\u0131 hastalara y\u00fcksek kaliteli, ki\u015fiselle\u015ftirilmi\u015f tedaviler sunmaya adanm\u0131\u015f modern bir di\u015f klini\u011fidir. Deneyimli uzmanlardan olu\u015fan bir ekiple ve son teknolojiyle, g\u00fcvenli, konforlu ve s\u0131cak bir ortamda kapsaml\u0131 bak\u0131m sunuyoruz. G\u00fcl\u00fc\u015f\u00fcn bizim tutkumuz\u2014g\u00fcvenin \u00f6nceli\u011fimizdir.<\/p><\/p>\r\n                            <ul class=\"list\">\r\n                                                            <li>\r\n                                                                            <i class=\"flaticon-correct\"><\/i>\r\n                                                                        Kapsaml\u0131 T\u0131bbi Hizmetler                                <\/li>\r\n                                                            <li>\r\n                                                                            <i class=\"flaticon-correct\"><\/i>\r\n                                                                        Uluslararas\u0131 Hijyen Standartlar\u0131                                 <\/li>\r\n                                                            <li>\r\n                                                                            <i class=\"flaticon-correct\"><\/i>\r\n                                                                         H\u0131zl\u0131 Randevu, K\u0131sa Bekleme S\u00fcreleri                                 <\/li>\r\n                                                        <\/ul>\r\n                            <p><p>Just Smile, Antalya'n\u0131n kalbinde ileri d\u00fczey, hasta odakl\u0131 tedaviler sunan g\u00fcvenilir bir di\u015f klini\u011fidir. Sa\u011fl\u0131kl\u0131, kendinden emin g\u00fcl\u00fc\u015fler yaratmak i\u00e7in uzmanl\u0131\u011f\u0131, teknolojiyi ve \u00f6zeni bir araya getiriyoruz.<\/p><\/p>\r\n\r\n                            <div class=\"about-btn\">\r\n                                                                    <a href=\"https:\/\/jstdental.com\/tr\/hakkimizda\/\" class=\"default-btn\">\r\n                                         \r\n                                            <span class=\"btn-left-i\">\r\n                                                                                                    <i class=\"flaticon-right-arrow\"><\/i> \r\n                                                                                            <\/span>\r\n                                        \r\n                                        T\u00fcm Tedavileri G\u00f6r\r\n                                         \r\n                                            <span class=\"btn-right-i\">\r\n                                                                                                    <i class=\"flaticon-right-arrow\"><\/i> \r\n                                                                                            <\/span>\r\n                                                                            <\/a>\r\n                                \r\n                                                            <\/div>\r\n\r\n                        <\/div>\r\n                    <\/div>\r\n                <\/div>\r\n            <\/div>\r\n        <\/div>\r\n        <!-- End About Area -->\r\n    \t\t\t\t<\/div>\n\t\t\t\t<\/div>\n\t\t\t\t<\/div>\n\t\t<div class=\"elementor-element elementor-element-ac80872 e-flex e-con-boxed e-con e-parent\" data-id=\"ac80872\" data-element_type=\"container\">\n\t\t\t\t\t<div class=\"e-con-inner\">\n\t\t\t\t<div class=\"elementor-element elementor-element-ad5bc34 elementor-widget elementor-widget-html\" data-id=\"ad5bc34\" data-element_type=\"widget\" data-widget_type=\"html.default\">\n\t\t\t\t<div class=\"elementor-widget-container\">\n\t\t\t\t\t<!-- ========== DOCTORS (PREMIUM + BUTTONS) ========== -->\n<section class=\"doctors-section\" aria-label=\"Our Dentists\">\n  <div class=\"doctors-wrap\">\n    <header class=\"doctors-head\">\n      <div class=\"kicker\">Di\u015f Hekimlerimizle Tan\u0131\u015f\u0131n<\/div>\n      <h2 class=\"title\">Yeni G\u00fcl\u00fc\u015f\u00fcn\u00fcz\u00fcn Arkas\u0131ndaki Eller<\/h2>\n      <p class=\"sub\">\n Konfor, estetik ve uzun vadeli sonu\u00e7lara odaklanm\u0131\u015f \u00f6zel bir ekip.\n      <\/p>\n    <\/header>\n\n    <div class=\"doctors-grid\">\n\n      <!-- Doctor 1 -->\n      <article class=\"doctor-card\">\n        <div class=\"doctor-photo\">\n          <img decoding=\"async\" src=\"https:\/\/jstdental.com\/wp-content\/uploads\/2025\/11\/3-1.webp\" alt=\"Dt. Niyazi Edibo\u011flu\">\n        <\/div>\n\n        <div class=\"doctor-name\">Dt. Niyazi Edibo\u011flu <\/div>\n        <div class=\"doctor-title\">Di\u015f Hekimi<\/div>\n\n        <a href=\"https:\/\/jstdental.com\/doctor\/dt-niyazi-ediboglu\/\" class=\"doctor-btn\" target=\"_blank\" rel=\"noopener\">\n Profili G\u00f6r\u00fcnt\u00fcle\n        <\/a>\n      <\/article>\n\n      <!-- Doctor 2 -->\n      <article class=\"doctor-card\">\n        <div class=\"doctor-photo\">\n          <img decoding=\"async\" src=\"https:\/\/jstdental.com\/wp-content\/uploads\/2025\/11\/2-1.webp\" alt=\"Dt. Selen \u00d6\u011f\u00fct\">\n        <\/div>\n\n        <div class=\"doctor-name\">Dt. Selen \u00d6\u011f\u00fct <\/div>\n        <div class=\"doctor-title\">Di\u015f Hekimi<\/div>\n\n        <a href=\"https:\/\/jstdental.com\/doctor\/dt-selen-ogut\/\" class=\"doctor-btn\" target=\"_blank\" rel=\"noopener\">\n Profili G\u00f6r\u00fcnt\u00fcle\n        <\/a>\n      <\/article>\n\n    <\/div>\n  <\/div>\n<\/section>\n\n<style>\n.doctors-section {\n  --primary:#20265B;\n  --gold:#C7A76A;\n  --text:#0f172a;\n  --muted:#64748b;\n\n  padding:80px 20px;\n  background:linear-gradient(180deg,#f9fafc,#f2f4f9);\n  font-family:'Segoe UI',sans-serif;\n}\n\n.doctors-wrap{\n  max-width:1100px;\n  margin:auto;\n}\n\n.doctors-head{\n  text-align:center;\n  max-width:700px;\n  margin:0 auto 40px;\n}\n\n.kicker{\n  font-size:12px;\n  letter-spacing:.18em;\n  text-transform:uppercase;\n  color:var(--primary);\n  margin-bottom:8px;\n}\n\n.title{\n  font-size:38px;\n  margin-bottom:12px;\n  color:var(--text);\n}\n\n.sub{\n  color:var(--muted);\n  margin-bottom:0;\n}\n\n.doctors-grid{\n  display:grid;\n  grid-template-columns:repeat(2, minmax(280px, 360px));\n  justify-content:center;\n  gap:28px;\n}\n\n.doctor-card{\n  background:#fff;\n  border-radius:18px;\n  padding:30px 20px;\n  text-align:center;\n  box-shadow:0 20px 50px rgba(32,38,91,.08);\n  border:1px solid rgba(32,38,91,.08);\n  transition:all .3s ease;\n}\n\n.doctor-card:hover{\n  transform:translateY(-6px);\n  box-shadow:0 25px 60px rgba(32,38,91,.15);\n}\n\n.doctor-photo{\n  width:170px;\n  height:170px;\n  margin:auto;\n  border-radius:50%;\n  padding:6px;\n  background:linear-gradient(145deg,rgba(32,38,91,.25),rgba(199,167,106,.25));\n  margin-bottom:20px;\n}\n\n.doctor-photo img{\n  width:100%;\n  height:100%;\n  border-radius:50%;\n  object-fit:cover;\n  border:3px solid #fff;\n}\n\n.doctor-name{\n  font-size:18px;\n  font-weight:600;\n  color:var(--text);\n  margin-bottom:8px;\n}\n\n.doctor-title{\n  font-size:13px;\n  color:var(--muted);\n  margin-bottom:20px;\n}\n\n.doctor-btn{\n  display:inline-block;\n  padding:10px 22px;\n  border-radius:999px;\n  background:var(--primary);\n  color:#fff;\n  font-size:13px;\n  text-decoration:none;\n  transition:all .25s ease;\n  box-shadow:0 8px 20px rgba(32,38,91,.25);\n}\n\n.doctor-btn:hover{\n  background:#151a45;\n  transform:translateY(-2px);\n}\n\n@media(max-width:768px){\n  .doctors-grid{\n    grid-template-columns:1fr;\n    max-width:360px;\n    margin:0 auto;\n  }\n}\n<\/style>\t\t\t\t<\/div>\n\t\t\t\t<\/div>\n\t\t\t\t\t<\/div>\n\t\t\t\t<\/div>\n\t\t\t\t<\/div>\n\t\t","protected":false},"excerpt":{"rendered":"<p>35 + K\u00fcresel Sa\u011fl\u0131k \u00d6d\u00fclleri Hakk\u0131m\u0131zda Bir Klinikten Daha Fazlas\u0131\u2014G\u00fcvenilir Bir Di\u015f Orta\u011f\u0131 Just Smile, hem yerel hem de uluslararas\u0131 hastalara y\u00fcksek kaliteli, ki\u015fiselle\u015ftirilmi\u015f tedaviler sunmaya adanm\u0131\u015f modern bir di\u015f klini\u011fidir. Deneyimli uzmanlardan olu\u015fan bir ekiple ve son teknolojiyle, g\u00fcvenli, konforlu ve s\u0131cak bir ortamda kapsaml\u0131 bak\u0131m sunuyoruz. G\u00fcl\u00fc\u015f\u00fcn bizim tutkumuz\u2014g\u00fcvenin \u00f6nceli\u011fimizdir. Kapsaml\u0131 T\u0131bbi Hizmetler <\/p>\n","protected":false},"author":1,"featured_media":0,"parent":0,"menu_order":0,"comment_status":"closed","ping_status":"closed","template":"","meta":{"_acf_changed":false,"footnotes":""},"class_list":["post-5581","page","type-page","status-publish","hentry"],"acf":[],"_links":{"self":[{"href":"https:\/\/jstdental.com\/tr\/wp-json\/wp\/v2\/pages\/5581","targetHints":{"allow":["GET"]}}],"collection":[{"href":"https:\/\/jstdental.com\/tr\/wp-json\/wp\/v2\/pages"}],"about":[{"href":"https:\/\/jstdental.com\/tr\/wp-json\/wp\/v2\/types\/page"}],"author":[{"embeddable":true,"href":"https:\/\/jstdental.com\/tr\/wp-json\/wp\/v2\/users\/1"}],"replies":[{"embeddable":true,"href":"https:\/\/jstdental.com\/tr\/wp-json\/wp\/v2\/comments?post=5581"}],"version-history":[{"count":14,"href":"https:\/\/jstdental.com\/tr\/wp-json\/wp\/v2\/pages\/5581\/revisions"}],"predecessor-version":[{"id":5961,"href":"https:\/\/jstdental.com\/tr\/wp-json\/wp\/v2\/pages\/5581\/revisions\/5961"}],"wp:attachment":[{"href":"https:\/\/jstdental.com\/tr\/wp-json\/wp\/v2\/media?parent=5581"}],"curies":[{"name":"wp","href":"https:\/\/api.w.org\/{rel}","templated":true}]}}