{"id":5585,"date":"2024-04-19T18:00:04","date_gmt":"2024-04-19T15:00:04","guid":{"rendered":"https:\/\/jstdental.com\/bize-ulasin\/"},"modified":"2026-03-30T15:37:06","modified_gmt":"2026-03-30T12:37:06","slug":"iletisim","status":"publish","type":"page","link":"https:\/\/jstdental.com\/tr\/iletisim\/","title":{"rendered":"\u0130leti\u015fim"},"content":{"rendered":"\t\t<div data-elementor-type=\"wp-page\" data-elementor-id=\"5585\" class=\"elementor elementor-5585 elementor-195\" data-elementor-post-type=\"page\">\n\t\t\t\t<div class=\"elementor-element elementor-element-85eeb1d e-con-full e-flex e-con e-parent\" data-id=\"85eeb1d\" data-element_type=\"container\">\n\t\t\t\t<div class=\"elementor-element elementor-element-717420d elementor-widget elementor-widget-mavis_contact_info\" data-id=\"717420d\" data-element_type=\"widget\" data-widget_type=\"mavis_contact_info.default\">\n\t\t\t\t<div class=\"elementor-widget-container\">\n\t\t\t\t\t        <!-- Start Contact Info Area -->\r\n        <div class=\"contact-info-area pt-120 pb-95\">\r\n            <div class=\"container\">\r\n                <div class=\"row justify-content-center\">\r\n                                            <div class=\"col-xl-4 col-md-6\">\r\n                            <div class=\"contact-info-card\">\r\n                                <div class=\"icon\">\r\n                                    <i class=\"flaticon-pin\"><\/i>\r\n                                <\/div>\r\n                                <div class=\"title\">\r\n                                    <span><\/span>\r\n                                    <p>\u00dcnallar perge plaza, Tar\u0131m, Perge Blv. D:13\/D, 07200 Muratpa\u015fa\/Antalya\n<\/p>\r\n                                <\/div>\r\n                            <\/div>\r\n                        <\/div>\r\n                    \r\n                                            <div class=\"col-xl-4 col-md-6\">\r\n                            <div class=\"contact-info-card bg-wrap-two\">\r\n                                <div class=\"icon\">\r\n                                    <i class=\"flaticon-telephone\"><\/i>\r\n                                <\/div>\r\n                                <div class=\"title\">\r\n                                    <span>Telefon&lt;br&gt;<\/span>\r\n                                    <p>\r\n                                                                                    <a href=\"tel:%2005318554302\">+90 531 855 4302<\/a>\r\n                                        \r\n                                                                            <\/p>\r\n                                <\/div>\r\n                            <\/div>\r\n                        <\/div>\r\n                    \r\n                                            <div class=\"col-xl-4 col-md-6\">\r\n                            <div class=\"contact-info-card bg-wrap-three\">\r\n                                <div class=\"icon\">\r\n                                    <i class=\"flaticon-envelope\"><\/i>\r\n                                <\/div>\r\n                                <div class=\"title\">\r\n                                    <span>E-posta:<\/span>\r\n                                    <p>\r\n                                                                                    <a href=\"mailto:info@jstdental.com\">info@jstdental.com<\/a>\r\n                                        \r\n                                                                            <\/p>\r\n                                <\/div>\r\n                            <\/div>\r\n                        <\/div>\r\n                                    <\/div>\r\n            <\/div>\r\n        <\/div>\r\n        <!-- End Contact Info Area -->\r\n        \t\t\t\t<\/div>\n\t\t\t\t<\/div>\n\t\t\t\t<\/div>\n\t\t<div class=\"elementor-element elementor-element-86a5e23 e-flex e-con-boxed e-con e-parent\" data-id=\"86a5e23\" data-element_type=\"container\">\n\t\t\t\t\t<div class=\"e-con-inner\">\n\t\t<div class=\"elementor-element elementor-element-a1aade3 e-con-full e-flex e-con e-child\" data-id=\"a1aade3\" data-element_type=\"container\">\n\t\t\t\t<div class=\"elementor-element elementor-element-81fc4a4 elementor-widget elementor-widget-mavis_form_area\" data-id=\"81fc4a4\" data-element_type=\"widget\" data-widget_type=\"mavis_form_area.default\">\n\t\t\t\t<div class=\"elementor-widget-container\">\n\t\t\t\t\t        <div class=\"contact-area pb-120\">\r\n            <div class=\"container\">\r\n                <div class=\"row justify-content-center\" data-cues=\"slideInUp\">\r\n                                            <div class=\"col-lg-12 col-md-12\">\r\n                                                    <div class=\"contact-form\">\r\n                                <div class=\"content\">\r\n                                    <h3>\u0130leti\u015fime Ge\u00e7in<\/h3>\r\n                                    <p>E-posta adresin yay\u0131nlanmayacakt\u0131r. Gerekli alanlar * ile i\u015faretlenmi\u015ftir. <\/p>\r\n                                <\/div>\r\n                                \n<div class=\"wpcf7 no-js\" id=\"wpcf7-f996-o1\" lang=\"en-US\" dir=\"ltr\" data-wpcf7-id=\"996\">\n<div class=\"screen-reader-response\"><p role=\"status\" aria-live=\"polite\" aria-atomic=\"true\"><\/p> <ul><\/ul><\/div>\n<form action=\"\/tr\/wp-json\/wp\/v2\/pages\/5585#wpcf7-f996-o1\" method=\"post\" class=\"wpcf7-form init\" aria-label=\"Contact form\" novalidate=\"novalidate\" data-status=\"init\">\n<div style=\"display: none;\">\n<input type=\"hidden\" name=\"_wpcf7\" value=\"996\" \/>\n<input type=\"hidden\" name=\"_wpcf7_version\" value=\"6.0.6\" \/>\n<input type=\"hidden\" name=\"_wpcf7_locale\" value=\"en_US\" \/>\n<input type=\"hidden\" name=\"_wpcf7_unit_tag\" value=\"wpcf7-f996-o1\" \/>\n<input type=\"hidden\" name=\"_wpcf7_container_post\" value=\"0\" \/>\n<input type=\"hidden\" name=\"_wpcf7_posted_data_hash\" value=\"\" \/>\n<\/div>\n<div class=\"form-group\">\n\t<p><label>Name *<\/label><br \/>\n<span class=\"wpcf7-form-control-wrap\" data-name=\"your-name\"><input size=\"40\" maxlength=\"400\" class=\"wpcf7-form-control wpcf7-text wpcf7-validates-as-required form-control\" aria-required=\"true\" aria-invalid=\"false\" placeholder=\"Your name\" value=\"\" type=\"text\" name=\"your-name\" \/><\/span>\n\t<\/p>\n<\/div>\n<div class=\"form-group\">\n\t<p><label>Email *<\/label><br \/>\n<span class=\"wpcf7-form-control-wrap\" data-name=\"your-email\"><input size=\"40\" maxlength=\"400\" class=\"wpcf7-form-control wpcf7-email wpcf7-validates-as-required wpcf7-text wpcf7-validates-as-email form-control\" aria-required=\"true\" aria-invalid=\"false\" placeholder=\"Enter your email\" value=\"\" type=\"email\" name=\"your-email\" \/><\/span>\n\t<\/p>\n<\/div>\n<div class=\"form-group\">\n\t<p><label>Comment *<\/label><br \/>\n<span class=\"wpcf7-form-control-wrap\" data-name=\"your-comment\"><textarea cols=\"40\" rows=\"10\" maxlength=\"2000\" class=\"wpcf7-form-control wpcf7-textarea wpcf7-validates-as-required form-control\" aria-required=\"true\" aria-invalid=\"false\" placeholder=\"Write your comment\" name=\"your-comment\"><\/textarea><\/span>\n\t<\/p>\n<\/div>\n<div class=\"form-group\">\n\t<p><span class=\"wpcf7-form-control-wrap\" data-name=\"gdpr\"><span class=\"wpcf7-form-control wpcf7-acceptance\"><span class=\"wpcf7-list-item\"><label><input type=\"checkbox\" name=\"gdpr\" value=\"1\" class=\"gdpr-term\" aria-invalid=\"false\" \/><span class=\"wpcf7-list-item-label\">I accept all <a href=\"https:\/\/themes.envytheme.com\/mavis\/terms-conditions\/\" target=\"_blank\" rel=\"noopener\">terms & conditions<\/a>.<\/span><\/label><\/span><\/span><\/span>\n\t<\/p>\n<\/div>\n<p><button type=\"submit\" class=\"default-btn\"><br \/>\n<span class=\"btn-left-i\"><br \/>\n<i class=\"flaticon-right-arrow\"><\/i><br \/>\n<\/span><br \/>\nSubmit Now<br \/>\n<span class=\"btn-right-i\"><br \/>\n<i class=\"flaticon-right-arrow\"><\/i><br \/>\n<\/span><br \/>\n<\/button>\n<\/p><div class=\"wpcf7-response-output\" aria-hidden=\"true\"><\/div>\n<\/form>\n<\/div>\n                            <\/div>\r\n                        <\/div>\r\n                <\/div>\r\n            <\/div>\r\n        <\/div>\r\n        \t\t\t\t<\/div>\n\t\t\t\t<\/div>\n\t\t\t\t<\/div>\n\t\t<div class=\"elementor-element elementor-element-ce5dadd e-con-full e-flex e-con e-child\" data-id=\"ce5dadd\" data-element_type=\"container\">\n\t\t\t\t<div class=\"elementor-element elementor-element-0fdd44e elementor-widget elementor-widget-google_maps\" data-id=\"0fdd44e\" data-element_type=\"widget\" data-widget_type=\"google_maps.default\">\n\t\t\t\t<div class=\"elementor-widget-container\">\n\t\t\t\t\t\t\t<div class=\"elementor-custom-embed\">\n\t\t\t<iframe loading=\"lazy\"\n\t\t\t\t\tsrc=\"https:\/\/maps.google.com\/maps?q=Just%20Smile&#038;t=m&#038;z=10&#038;output=embed&#038;iwloc=near\"\n\t\t\t\t\ttitle=\"Just Smile\"\n\t\t\t\t\taria-label=\"Just Smile\"\n\t\t\t><\/iframe>\n\t\t<\/div>\n\t\t\t\t\t\t<\/div>\n\t\t\t\t<\/div>\n\t\t\t\t<\/div>\n\t\t\t\t\t<\/div>\n\t\t\t\t<\/div>\n\t\t\t\t<\/div>\n\t\t","protected":false},"excerpt":{"rendered":"<p>\u00dcnallar perge plaza, Tar\u0131m, Perge Blv. D:13\/D, 07200 Muratpa\u015fa\/Antalya Telefon&lt;br&gt; +90 531 855 4302 E-posta: info@jstdental.com \u0130leti\u015fime Ge\u00e7in E-posta adresin yay\u0131nlanmayacakt\u0131r. Gerekli alanlar * ile i\u015faretlenmi\u015ftir. Name * Email * Comment * I accept all terms &#038; conditions. Submit Now<\/p>\n","protected":false},"author":1,"featured_media":0,"parent":0,"menu_order":0,"comment_status":"closed","ping_status":"closed","template":"","meta":{"_acf_changed":false,"footnotes":""},"class_list":["post-5585","page","type-page","status-publish","hentry"],"acf":[],"_links":{"self":[{"href":"https:\/\/jstdental.com\/tr\/wp-json\/wp\/v2\/pages\/5585","targetHints":{"allow":["GET"]}}],"collection":[{"href":"https:\/\/jstdental.com\/tr\/wp-json\/wp\/v2\/pages"}],"about":[{"href":"https:\/\/jstdental.com\/tr\/wp-json\/wp\/v2\/types\/page"}],"author":[{"embeddable":true,"href":"https:\/\/jstdental.com\/tr\/wp-json\/wp\/v2\/users\/1"}],"replies":[{"embeddable":true,"href":"https:\/\/jstdental.com\/tr\/wp-json\/wp\/v2\/comments?post=5585"}],"version-history":[{"count":2,"href":"https:\/\/jstdental.com\/tr\/wp-json\/wp\/v2\/pages\/5585\/revisions"}],"predecessor-version":[{"id":5587,"href":"https:\/\/jstdental.com\/tr\/wp-json\/wp\/v2\/pages\/5585\/revisions\/5587"}],"wp:attachment":[{"href":"https:\/\/jstdental.com\/tr\/wp-json\/wp\/v2\/media?parent=5585"}],"curies":[{"name":"wp","href":"https:\/\/api.w.org\/{rel}","templated":true}]}}